{"id":179,"date":"2026-01-04T12:14:04","date_gmt":"2026-01-04T11:14:04","guid":{"rendered":"https:\/\/dev.whats-next-band.de\/?page_id=179"},"modified":"2026-03-10T18:43:23","modified_gmt":"2026-03-10T17:43:23","slug":"termine","status":"publish","type":"page","link":"https:\/\/www.whats-next-band.de\/index.php\/termine\/","title":{"rendered":"Termine"},"content":{"rendered":"\n<p class=\"has-large-font-size\"><strong>N\u00e4chster Termin:<\/strong><\/p>\n\n\n\n<p><strong>29. Mai 2026<\/strong><br>19:00 Uhr Einlass<br>20:00 Uhr Beginn<br>Eintritt frei &#8211; w\u00e4hrend der Pause geht der Hut rum<br>Osthofentorsch\u00e4nke &#8211; Soest<br><a href=\"https:\/\/www.whats-next-band.de\/?page_id=270\" data-type=\"page\" data-id=\"270\">Osthofenstr. 64<br>59494 Soest<\/a><\/p>\n\n\n\n<p><strong>11. Oktober 2026<\/strong><br>11:00 bis 14:00 Uhr<br>Herbstfest Heimatmuseum L\u00fctgendortmund<br><a href=\"https:\/\/www.whats-next-band.de\/?page_id=271\" data-type=\"page\" data-id=\"271\">Dellwiger Str. 130<br>44388 Dortmund<\/a><\/p>\n","protected":false},"excerpt":{"rendered":"<p>N\u00e4chster Termin: 29. Mai 202619:00 Uhr Einlass20:00 Uhr BeginnEintritt frei &#8211; w\u00e4hrend der Pause geht der Hut rumOsthofentorsch\u00e4nke &#8211; SoestOsthofenstr. 6459494 Soest 11. Oktober 202611:00 bis 14:00 UhrHerbstfest Heimatmuseum L\u00fctgendortmundDellwiger Str. 13044388 Dortmund<\/p>\n","protected":false},"author":1,"featured_media":180,"parent":0,"menu_order":0,"comment_status":"closed","ping_status":"closed","template":"","meta":{"footnotes":""},"class_list":["post-179","page","type-page","status-publish","has-post-thumbnail","hentry"],"_links":{"self":[{"href":"https:\/\/www.whats-next-band.de\/index.php\/wp-json\/wp\/v2\/pages\/179","targetHints":{"allow":["GET"]}}],"collection":[{"href":"https:\/\/www.whats-next-band.de\/index.php\/wp-json\/wp\/v2\/pages"}],"about":[{"href":"https:\/\/www.whats-next-band.de\/index.php\/wp-json\/wp\/v2\/types\/page"}],"author":[{"embeddable":true,"href":"https:\/\/www.whats-next-band.de\/index.php\/wp-json\/wp\/v2\/users\/1"}],"replies":[{"embeddable":true,"href":"https:\/\/www.whats-next-band.de\/index.php\/wp-json\/wp\/v2\/comments?post=179"}],"version-history":[{"count":3,"href":"https:\/\/www.whats-next-band.de\/index.php\/wp-json\/wp\/v2\/pages\/179\/revisions"}],"predecessor-version":[{"id":272,"href":"https:\/\/www.whats-next-band.de\/index.php\/wp-json\/wp\/v2\/pages\/179\/revisions\/272"}],"wp:featuredmedia":[{"embeddable":true,"href":"https:\/\/www.whats-next-band.de\/index.php\/wp-json\/wp\/v2\/media\/180"}],"wp:attachment":[{"href":"https:\/\/www.whats-next-band.de\/index.php\/wp-json\/wp\/v2\/media?parent=179"}],"curies":[{"name":"wp","href":"https:\/\/api.w.org\/{rel}","templated":true}]}}